{"id":28,"date":"2016-02-08T22:42:35","date_gmt":"2016-02-08T22:42:35","guid":{"rendered":"http:\/\/ab-halfter.de\/?page_id=28"},"modified":"2025-09-12T10:26:43","modified_gmt":"2025-09-12T10:26:43","slug":"ueber-uns","status":"publish","type":"page","link":"https:\/\/ab-halfter.de\/","title":{"rendered":"\u00dcber uns"},"content":{"rendered":"<p style=\"text-align: left;\">Seit der Gr\u00fcndung unseres B\u00fcros im Jahr 2000 entwerfen, planen und realisieren wir f\u00fcr unsere Auftraggeber Projekte im Bereich Wohnungs-, Industrie-, Gesellschafts-, Bildungs-, Gewerbe- und Landwirtschaftsbau.<\/p>\n<p style=\"text-align: center;\">\n","protected":false},"excerpt":{"rendered":"<p>Seit der Gr\u00fcndung unseres B\u00fcros im Jahr 2000 entwerfen, planen und realisieren wir f\u00fcr unsere Auftraggeber Projekte im Bereich Wohnungs-, Industrie-, Gesellschafts-, Bildungs-, Gewerbe- und Landwirtschaftsbau.<\/p>\n","protected":false},"author":1,"featured_media":0,"parent":0,"menu_order":0,"comment_status":"closed","ping_status":"closed","template":"","meta":{"footnotes":""},"class_list":["post-28","page","type-page","status-publish","hentry"],"_links":{"self":[{"href":"https:\/\/ab-halfter.de\/index.php?rest_route=\/wp\/v2\/pages\/28","targetHints":{"allow":["GET"]}}],"collection":[{"href":"https:\/\/ab-halfter.de\/index.php?rest_route=\/wp\/v2\/pages"}],"about":[{"href":"https:\/\/ab-halfter.de\/index.php?rest_route=\/wp\/v2\/types\/page"}],"author":[{"embeddable":true,"href":"https:\/\/ab-halfter.de\/index.php?rest_route=\/wp\/v2\/users\/1"}],"replies":[{"embeddable":true,"href":"https:\/\/ab-halfter.de\/index.php?rest_route=%2Fwp%2Fv2%2Fcomments&post=28"}],"version-history":[{"count":12,"href":"https:\/\/ab-halfter.de\/index.php?rest_route=\/wp\/v2\/pages\/28\/revisions"}],"predecessor-version":[{"id":92,"href":"https:\/\/ab-halfter.de\/index.php?rest_route=\/wp\/v2\/pages\/28\/revisions\/92"}],"wp:attachment":[{"href":"https:\/\/ab-halfter.de\/index.php?rest_route=%2Fwp%2Fv2%2Fmedia&parent=28"}],"curies":[{"name":"wp","href":"https:\/\/api.w.org\/{rel}","templated":true}]}}